{"id":274,"date":"2022-10-27T18:04:39","date_gmt":"2022-10-27T16:04:39","guid":{"rendered":"https:\/\/www.cascinevica.com\/wordpress\/?page_id=274"},"modified":"2024-05-04T11:08:29","modified_gmt":"2024-05-04T09:08:29","slug":"cosa-facciamo","status":"publish","type":"page","link":"https:\/\/www.cascinevica.com\/wordpress\/index.php\/cosa-facciamo\/","title":{"rendered":"Cosa facciamo."},"content":{"rendered":"\n<div class=\"wp-block-media-text alignwide is-stacked-on-mobile\" style=\"grid-template-columns:17% auto\"><figure class=\"wp-block-media-text__media\"><img loading=\"lazy\" decoding=\"async\" width=\"1024\" height=\"680\" src=\"https:\/\/www.cascinevica.com\/wordpress\/wp-content\/uploads\/2022\/10\/scacchi_1-1-1024x680.jpg\" alt=\"\" class=\"wp-image-275 size-full\" srcset=\"https:\/\/www.cascinevica.com\/wordpress\/wp-content\/uploads\/2022\/10\/scacchi_1-1-1024x680.jpg 1024w, https:\/\/www.cascinevica.com\/wordpress\/wp-content\/uploads\/2022\/10\/scacchi_1-1-300x199.jpg 300w, https:\/\/www.cascinevica.com\/wordpress\/wp-content\/uploads\/2022\/10\/scacchi_1-1-768x510.jpg 768w, https:\/\/www.cascinevica.com\/wordpress\/wp-content\/uploads\/2022\/10\/scacchi_1-1-1536x1020.jpg 1536w, https:\/\/www.cascinevica.com\/wordpress\/wp-content\/uploads\/2022\/10\/scacchi_1-1.jpg 2048w\" sizes=\"auto, (max-width: 1024px) 100vw, 1024px\" \/><\/figure><div class=\"wp-block-media-text__content\">\n<p><strong>Giochiamo a scacchi &#8230;<\/strong><br>tutti i pomeriggi infrasettimanali (dalle 15:30 alle 18) e il gioved\u00ec sera, dalle ore 21 alle 23, non solo in presenza, bens\u00ec anche online (solo il gioved\u00ec sera), previo accordo con gli organizzatori, tramite il modulo contatti presente nella <a href=\"https:\/\/www.cascinevica.com\/wordpress\/index.php\/dove-siamo-e-come-contattarci\/\">pagina dedicata<\/a>.<\/p>\n<\/div><\/div>\n\n\n\n<div class=\"wp-block-media-text alignwide is-stacked-on-mobile\" style=\"grid-template-columns:31% auto\"><figure class=\"wp-block-media-text__media\"><img loading=\"lazy\" decoding=\"async\" width=\"1024\" height=\"395\" src=\"https:\/\/www.cascinevica.com\/wordpress\/wordpress_live\/wp-content\/uploads\/2022\/11\/cropped-gioco_carte-1024x395.jpg\" alt=\"\" class=\"wp-image-381 size-full\" srcset=\"https:\/\/www.cascinevica.com\/wordpress\/wp-content\/uploads\/2022\/11\/cropped-gioco_carte-1024x395.jpg 1024w, https:\/\/www.cascinevica.com\/wordpress\/wp-content\/uploads\/2022\/11\/cropped-gioco_carte-300x116.jpg 300w, https:\/\/www.cascinevica.com\/wordpress\/wp-content\/uploads\/2022\/11\/cropped-gioco_carte-768x296.jpg 768w, https:\/\/www.cascinevica.com\/wordpress\/wp-content\/uploads\/2022\/11\/cropped-gioco_carte.jpg 1279w\" sizes=\"auto, (max-width: 1024px) 100vw, 1024px\" \/><\/figure><div class=\"wp-block-media-text__content\">\n<p><\/p>\n\n\n\n<p><\/p>\n\n\n\n<p>&#8230; <strong>e a carte<\/strong>.<br>tutti i pomeriggi infrasettimanali, dalle ore 15:30, e tutti i gioved\u00ec sera, alle ore 21.<br>Vienici a trovare.<\/p>\n\n\n\n<p><\/p>\n\n\n\n<p><\/p>\n\n\n\n<p><\/p>\n<\/div><\/div>\n\n\n\n<div class=\"wp-block-media-text alignwide is-stacked-on-mobile\" style=\"grid-template-columns:15% auto\"><figure class=\"wp-block-media-text__media\"><img decoding=\"async\" src=\"https:\/\/www.cascinevica.com\/wordpress\/wp-content\/uploads\/2022\/10\/spettacoli_e_conferenze-1024x683.jpg\" alt=\"\" class=\"wp-image-257 size-full\"\/><\/figure><div class=\"wp-block-media-text__content\">\n<p><\/p>\n\n\n\n<p><strong>Organizziamo conferenze tematiche.<\/strong><br>Per i dettagli verifica gli articoli presenti nella <a href=\"https:\/\/www.cascinevica.com\/wordpress\/\">pagina principale<\/a> del sito.<\/p>\n<\/div><\/div>\n\n\n\n<div class=\"wp-block-media-text is-stacked-on-mobile\" style=\"grid-template-columns:15% auto\"><figure class=\"wp-block-media-text__media\"><a href=\"https:\/\/www.cascinevica.com\/wordpress\/wp-content\/uploads\/2024\/04\/Ago_Filo.jpeg\" target=\"_blank\" rel=\"noreferrer noopener\"><img loading=\"lazy\" decoding=\"async\" width=\"790\" height=\"1024\" src=\"https:\/\/www.cascinevica.com\/wordpress\/wp-content\/uploads\/2024\/04\/Ago_Filo-790x1024.jpeg\" alt=\"\" class=\"wp-image-838 size-full\" srcset=\"https:\/\/www.cascinevica.com\/wordpress\/wp-content\/uploads\/2024\/04\/Ago_Filo-790x1024.jpeg 790w, https:\/\/www.cascinevica.com\/wordpress\/wp-content\/uploads\/2024\/04\/Ago_Filo-232x300.jpeg 232w, https:\/\/www.cascinevica.com\/wordpress\/wp-content\/uploads\/2024\/04\/Ago_Filo-768x995.jpeg 768w, https:\/\/www.cascinevica.com\/wordpress\/wp-content\/uploads\/2024\/04\/Ago_Filo.jpeg 1120w\" sizes=\"auto, (max-width: 790px) 100vw, 790px\" \/><\/a><\/figure><div class=\"wp-block-media-text__content\">\n<p><strong>Teniamo un laboratorio di cucito.<\/strong><br>Tutti i gioved\u00ec, dalle 15 alle 17.<br>Per maggiori informazioni vieni a trovarci presso il Centro di Incontro, oppure utilizza il <a href=\"https:\/\/www.cascinevica.com\/wordpress\/index.php\/dove-siamo-e-come-contattarci\/\" data-type=\"page\" data-id=\"136\" target=\"_blank\" rel=\"noreferrer noopener\">modulo contatti<\/a>.<\/p>\n<\/div><\/div>\n","protected":false},"excerpt":{"rendered":"<p>Giochiamo a scacchi &#8230;tutti i pomeriggi infrasettimanali (dalle 15:30 alle 18) e il gioved\u00ec sera, dalle ore 21 alle 23, non solo in presenza, bens\u00ec anche online (solo il gioved\u00ec sera), previo accordo con gli organizzatori, tramite il modulo contatti presente nella pagina dedicata. &#8230; e a carte.tutti i pomeriggi infrasettimanali, dalle ore 15:30, e [&hellip;]<\/p>\n","protected":false},"author":1,"featured_media":0,"parent":0,"menu_order":0,"comment_status":"closed","ping_status":"closed","template":"","meta":{"_monsterinsights_skip_tracking":false,"_monsterinsights_sitenote_active":false,"_monsterinsights_sitenote_note":"","_monsterinsights_sitenote_category":0,"footnotes":""},"class_list":["post-274","page","type-page","status-publish","hentry"],"_links":{"self":[{"href":"https:\/\/www.cascinevica.com\/wordpress\/index.php\/wp-json\/wp\/v2\/pages\/274","targetHints":{"allow":["GET"]}}],"collection":[{"href":"https:\/\/www.cascinevica.com\/wordpress\/index.php\/wp-json\/wp\/v2\/pages"}],"about":[{"href":"https:\/\/www.cascinevica.com\/wordpress\/index.php\/wp-json\/wp\/v2\/types\/page"}],"author":[{"embeddable":true,"href":"https:\/\/www.cascinevica.com\/wordpress\/index.php\/wp-json\/wp\/v2\/users\/1"}],"replies":[{"embeddable":true,"href":"https:\/\/www.cascinevica.com\/wordpress\/index.php\/wp-json\/wp\/v2\/comments?post=274"}],"version-history":[{"count":17,"href":"https:\/\/www.cascinevica.com\/wordpress\/index.php\/wp-json\/wp\/v2\/pages\/274\/revisions"}],"predecessor-version":[{"id":860,"href":"https:\/\/www.cascinevica.com\/wordpress\/index.php\/wp-json\/wp\/v2\/pages\/274\/revisions\/860"}],"wp:attachment":[{"href":"https:\/\/www.cascinevica.com\/wordpress\/index.php\/wp-json\/wp\/v2\/media?parent=274"}],"curies":[{"name":"wp","href":"https:\/\/api.w.org\/{rel}","templated":true}]}}