{"id":67,"date":"2022-10-22T16:06:43","date_gmt":"2022-10-22T14:06:43","guid":{"rendered":"https:\/\/www.cascinevica.com\/wordpress\/?page_id=67"},"modified":"2024-12-26T12:23:11","modified_gmt":"2024-12-26T11:23:11","slug":"bacheca-di-quartiere","status":"publish","type":"page","link":"https:\/\/www.cascinevica.com\/wordpress\/index.php\/bacheca-di-quartiere\/","title":{"rendered":"Comunicazioni."},"content":{"rendered":"\n<p><strong>In questo spazio esponiamo comunicazioni di interesse comune che riguardano la cittadinanza in generale e gli abitanti del quartiere nello specifico.<\/strong><\/p>\n\n\n\n<p>__________________________________________________________<br><strong>Dicembre 2024<\/strong><br>Avviso orari di chiusura dal 24\/12\/24 al 06\/01\/25<br>Avvisiamo la cittadinanza che durante le festivit\u00e0 natalizie il Centro di incontro &#8220;Don Puglisi&#8221; osserver\u00e0 il seguente <strong>orario di chiusura<\/strong>:<br><em>&#8211; Marted\u00ec 24 dicembre<br>&#8211; Mercoled\u00ec 25 dicembre<br>&#8211; Gioved\u00ec 26 dicembre<br>&#8211; Marted\u00ec 31 dicembre<br>&#8211; Mercoled\u00ec 1 gennaio<br>&#8211; Luned\u00ec 6 gennaio<\/em><br>Il resto dei giorni rester\u00e0 regolarmente aperto.<br>Buone feste a tutti!<\/p>\n\n\n\n<p>__________________________________________________________<br><strong>Aprile 2023<\/strong><br>Di seguito pubblichiamo i risultati delle elezioni per il rinnovo del nostro Consiglio Direttivo, svoltesi sabato 1. aprile 2023.<br>Ringraziamo i cittadini che hanno partecipato al voto, augurandoci di poter contare ancora in futuro sulla loro collaborazione e sul sostegno dell\u2019attivit\u00e0 che sar\u00e0 programmata dal nuovo Direttivo.<\/p>\n\n\n\n<p>&#8220;<a href=\"https:\/\/www.cascinevica.com\/public\/Elezioni Direttivo 2018 - Risultati.pdf\">RISULTATI<\/a>&#8221; DELLE ELEZIONI DEL NUOVO CONSIGLIO DIRETTIVO<br>del 1 aprile 2023<\/p>\n\n\n\n<p>Cittadini che hanno votato n. 160<br>Schede bianche n. 0<br>Schede nulle n. 1<\/p>\n\n\n\n<p>Si comunica che gli 11 candidati alle Elezioni hanno ottenuto i seguenti voti:<\/p>\n\n\n\n<p>Bovetti Elio voti 81<br>Cocco Loredana voti 32<br>De Martinis Pietro voti 42<br>Di Spirito Paolo voti 17<br>Lombardo Giuseppe voti 85<br>Minacapilli Domenico voti 37<br>Ninarello Simona voti 38<br>Poletti Graziano voti 28<br>Roccati Maria Rita voti 34<br>Serafino Alessandro voti 23<br>Zanellato Vittorino voti 49<br><br>Pertanto il nuovo Consiglio Direttivo del Comitato di quartiere per il triennio 2023-2025, a norma del vigente Statuto, risulta composto dai 9 candidati che hanno ottenuto il maggior numero di voti e pi\u00f9 precisamente dai sigg.:<\/p>\n\n\n\n<p>1) LOMBARDO Giuseppe: voti <strong>85<\/strong><br>2) BOVETTI Elio: voti <strong>81<\/strong><br>3) ZANELLATO Vittorino: voti <strong>49<\/strong><br>4) DE MARTINIS Pietro: voti <strong>42<\/strong><br>5) NINARELLO Simona: voti <strong>38<\/strong><br>6) MINACAPILLI Domenico: voti <strong>37<\/strong><br>7) ROCCATI Maria Rita: voti <strong>34<\/strong><br>8) COCCO Loredana: voti <strong>32<\/strong><br>9) POLETTI Graziano: voti <strong>28<\/strong><\/p>\n\n\n\n<p>La Commissione elettorale<\/p>\n\n\n\n<p>La prima riunione del nuovo Consiglio Direttivo, per il suo insediamento e per la elezione del Presidente e delle altre cariche sociali, si \u00e8 svolta mercoled\u00ec 5 aprile 2023, e ha stabilito la distribuzione delle varie cariche come segue:<br><strong>= Presidente: Elio Bovetti<\/strong><br><strong>= Presidente Onorario: Pietro De Martinis<br>= Vice-presidente: Vittorino Zanellato<br>= Vice-presidente: Graziano Poletti<br>= Segretario: Giuseppe Lombardo<br>= Tesoriere: Maria Rita Roccati<br>nonch\u00e9 i consiglieri: Simona Ninarello, Domenico Minacapilli e Loredana Cocco.<br><br><br>Comitato di quartiere Piazza Repubblica e dintorni.<\/strong><\/p>\n\n\n\n<p>__________________________________________________________<br><strong>Febbraio 2023<\/strong><br>Venerd\u00ec 10 febbraio 2023 alle ore 21 assemblea pubblica per rendicontare le attivit\u00e0 svolte dal Comitato, nonch\u00e9 per informare gli abitanti del quartiere sulle procedure riguardanti il rinnovo del direttivo per i prossimi 3 anni.<br><a href=\"http:\/\/cascinevica.com\/public\/volantino_elezioni.jpeg\" target=\"_blank\" rel=\"noreferrer noopener\">&#8220;Volantino&#8221;.<\/a><\/p>\n\n\n\n<p>__________________________________________________________<br><strong>Maggio 2021<\/strong><br>Di seguito pubblichiamo l&#8217;ultimo progetto di realizzazione della cosiddetta &#8220;Rotonda del Bingo&#8221; con relative osservazioni del Comitato di Quartiere.<br><br>&#8220;<a href=\"https:\/\/www.cascinevica.com\/public\/rotonda bingo\/SAMEP_RIVOLI_Nodo Viario Einaudi_Progetto preliminare_Tav 4.pdf\">Piantina progetto<\/a>&#8220;.<br>&#8220;<a href=\"https:\/\/www.cascinevica.com\/public\/rotonda bingo\/Calendario comunicazioni.pdf\">Calendario Comunicazioni<\/a>&#8220;.<br>&#8220;<a href=\"https:\/\/www.cascinevica.com\/public\/rotonda bingo\/Rotonda del Bingo Osservazioni.pdf\">Osservazioni Comitato di Quartiere<\/a>&#8220;.<br>&#8220;<a href=\"https:\/\/www.cascinevica.com\/public\/rotonda bingo\/Rotonda del Bingo Osservazioni - Estratto.pdf\">Sintesi Osservazioni Comitato di Quartiere<\/a>&#8220;.<\/p>\n\n\n\n<p>__________________________________________________________<\/p>\n\n\n\n<p><strong>Febbraio 2018<\/strong><br>Inoltre pubblichiamo infine i risultati delle elezioni per il rinnovo del nostro Consiglio Direttivo, svoltesi il 24 febbraio 2018.<br>Ringraziamo i cittadini che hanno partecipato al voto, augurandoci di poter contare ancora in futuro sulla loro collaborazione e sul sostegno dell\u2019attivit\u00e0 che sar\u00e0 programmata dal nuovo Direttivo.<\/p>\n\n\n\n<p>&#8220;<a href=\"https:\/\/www.cascinevica.com\/public\/Elezioni Direttivo 2018 - Risultati.pdf\">RISULTATI<\/a>&#8221; DELLE ELEZIONI DEL NUOVO CONSIGLIO DIRETTIVO<br>del 24 febbraio 2018<\/p>\n\n\n\n<p>Cittadini aventi diritto a voto n. 3.687<br>Cittadini che hanno votato n. 165<br>Schede bianche n. 0<br>Schede nulle n. 2<\/p>\n\n\n\n<p>Si comunica che i 13 candidati alle Elezioni hanno ottenuto i seguenti voti:<\/p>\n\n\n\n<p>Bovetti Elio voti 49<br>Conigliaro Francesco voti 16<br>Cutuli Sergio voti 8<br>Deiure Angela voti 8<br>Francabandiera Innocenzo voti 13<br>Iazzetta Aniello voti 10<br>Lombardo Giuseppe voti 69<br>Milani Paola voti 43<br>Ponzio Leonarda voti 26<br>Quassolo Domenico voti 47<br>Roccati Maria Rita voti 27<br>Santoro Vittorio voti 22<br>Zanellato Vittorino voti 59<\/p>\n\n\n\n<p>Pertanto il nuovo Consiglio Direttivo del Comitato di quartiere per il triennio 2018-2021, a norma del vigente Statuto, risulta composto dai 7 candidati che hanno ottenuto il maggior numero di voti e pi\u00f9 precisamente dai sigg.:<\/p>\n\n\n\n<p>1) LOMBARDO Giuseppe voti 69<br>2) ZANELLATO Vittorino voti 59<br>3) BOVETTI Elio voti 49<br>4) QUASSOLO Domenico voti 47<br>5) MILANI Paola voti 43<br>6) ROCCATI Maria Rita voti 27<br>7) CONIGLIARO Francesco voti 16<\/p>\n\n\n\n<p>La Commissione elettorale<\/p>\n\n\n\n<p>La prima riunione del nuovo Consiglio Direttivo, per il suo insediamento e per la elezione del Presidente ed eventualmente delle altre cariche sociali, si \u00e8 svolta luned\u00ec 12 marzo 2018, e ha stabilito la distribuzione delle varie cariche come segue:<br><strong>= Presidente: Elio Bovetti<br>= Vice-presidente: Vittorino Zanellato<br>= Vice-presidente: Domenico Quassolo<br>= Segretario: Giuseppe Lombardo<br>= Tesoriere: Maria Rita Roccati<br>nonche&#8217; i consiglieri: Paola Milani, Francesco Conigliaro.<br><br><br>Comitato di quartiere Piazza Repubblica e dintorni.<\/strong><\/p>\n","protected":false},"excerpt":{"rendered":"<p>In questo spazio esponiamo comunicazioni di interesse comune che riguardano la cittadinanza in generale e gli abitanti del quartiere nello specifico. __________________________________________________________Dicembre 2024Avviso orari di chiusura dal 24\/12\/24 al 06\/01\/25Avvisiamo la cittadinanza che durante le festivit\u00e0 natalizie il Centro di incontro &#8220;Don Puglisi&#8221; osserver\u00e0 il seguente orario di chiusura:&#8211; Marted\u00ec 24 dicembre&#8211; Mercoled\u00ec 25 dicembre&#8211; [&hellip;]<\/p>\n","protected":false},"author":1,"featured_media":0,"parent":0,"menu_order":0,"comment_status":"closed","ping_status":"closed","template":"","meta":{"_monsterinsights_skip_tracking":false,"_monsterinsights_sitenote_active":false,"_monsterinsights_sitenote_note":"","_monsterinsights_sitenote_category":0,"footnotes":""},"class_list":["post-67","page","type-page","status-publish","hentry"],"_links":{"self":[{"href":"https:\/\/www.cascinevica.com\/wordpress\/index.php\/wp-json\/wp\/v2\/pages\/67","targetHints":{"allow":["GET"]}}],"collection":[{"href":"https:\/\/www.cascinevica.com\/wordpress\/index.php\/wp-json\/wp\/v2\/pages"}],"about":[{"href":"https:\/\/www.cascinevica.com\/wordpress\/index.php\/wp-json\/wp\/v2\/types\/page"}],"author":[{"embeddable":true,"href":"https:\/\/www.cascinevica.com\/wordpress\/index.php\/wp-json\/wp\/v2\/users\/1"}],"replies":[{"embeddable":true,"href":"https:\/\/www.cascinevica.com\/wordpress\/index.php\/wp-json\/wp\/v2\/comments?post=67"}],"version-history":[{"count":29,"href":"https:\/\/www.cascinevica.com\/wordpress\/index.php\/wp-json\/wp\/v2\/pages\/67\/revisions"}],"predecessor-version":[{"id":975,"href":"https:\/\/www.cascinevica.com\/wordpress\/index.php\/wp-json\/wp\/v2\/pages\/67\/revisions\/975"}],"wp:attachment":[{"href":"https:\/\/www.cascinevica.com\/wordpress\/index.php\/wp-json\/wp\/v2\/media?parent=67"}],"curies":[{"name":"wp","href":"https:\/\/api.w.org\/{rel}","templated":true}]}}